{"id":2127,"date":"2024-08-11T13:34:03","date_gmt":"2024-08-11T11:34:03","guid":{"rendered":"https:\/\/eees.ee\/eees\/?page_id=2127"},"modified":"2025-12-08T08:42:56","modified_gmt":"2025-12-08T06:42:56","slug":"normitundmise-eksam","status":"publish","type":"page","link":"https:\/\/eees.ee\/eees\/normitundmise-eksam\/","title":{"rendered":"Normitundmise eksam"},"content":{"rendered":"\t\t<div data-elementor-type=\"wp-page\" data-elementor-id=\"2127\" class=\"elementor elementor-2127\">\n\t\t\t\t\t\t<section class=\"elementor-section elementor-top-section elementor-element elementor-element-528aba1 elementor-section-boxed elementor-section-height-default elementor-section-height-default\" data-id=\"528aba1\" data-element_type=\"section\" data-e-type=\"section\">\n\t\t\t\t\t\t<div class=\"elementor-container elementor-column-gap-default\">\n\t\t\t\t\t<div class=\"elementor-column elementor-col-100 elementor-top-column elementor-element elementor-element-a5963a2\" data-id=\"a5963a2\" data-element_type=\"column\" data-e-type=\"column\">\n\t\t\t<div class=\"elementor-widget-wrap elementor-element-populated\">\n\t\t\t\t\t\t<div class=\"elementor-element elementor-element-2efbce4 elementor-widget elementor-widget-text-editor\" data-id=\"2efbce4\" data-element_type=\"widget\" data-e-type=\"widget\" data-widget_type=\"text-editor.default\">\n\t\t\t\t<div class=\"elementor-widget-container\">\n\t\t\t\t\t\t\t\t\t<p>Valitavate kompetentsidega elektriinseneride kutse saamise ning taast\u00f5endamise \u00fcheks n\u00f5udeks on normdokumentide tundmise eksami edukas sooritamine.&nbsp;<\/p>\n<p>Normdokumentide tundmise eksamil on 20 valikvastustega k\u00fcsimust, eksami edukaks sooritamiseks peab olema v\u00e4hemalt 2\/3 \u00f5igeid vastuseid.&nbsp;<br>Eksami k\u00fcsimused on komplekteeritud vastavalt spetsialiseerumisele ja s\u00f5ltuvalt valitud t\u00f6\u00f6osast v\u00f5ib eksam koosneda mitmest osast, kus&nbsp; eksami edukaks sooritamiseks tuleb iga osa eest saada v\u00e4hemalt 2\/3 \u00f5igeid vastuseid.<\/p>\n<p>Eksami sooritamiseks on aega kuni 1 tund<\/p>\t\t\t\t\t\t\t\t<\/div>\n\t\t\t\t<\/div>\n\t\t\t\t\t<\/div>\n\t\t<\/div>\n\t\t\t\t\t<\/div>\n\t\t<\/section>\n\t\t\t\t<section class=\"elementor-section elementor-top-section elementor-element elementor-element-2cda3f09 elementor-section-boxed elementor-section-height-default elementor-section-height-default\" data-id=\"2cda3f09\" data-element_type=\"section\" data-e-type=\"section\">\n\t\t\t\t\t\t<div class=\"elementor-container elementor-column-gap-default\">\n\t\t\t\t\t<div class=\"elementor-column elementor-col-100 elementor-top-column elementor-element elementor-element-7c9f193d\" data-id=\"7c9f193d\" data-element_type=\"column\" data-e-type=\"column\">\n\t\t\t<div class=\"elementor-widget-wrap elementor-element-populated\">\n\t\t\t\t\t\t<div class=\"elementor-element elementor-element-5052ee9d elementor-widget elementor-widget-text-editor\" data-id=\"5052ee9d\" data-element_type=\"widget\" data-e-type=\"widget\" data-widget_type=\"text-editor.default\">\n\t\t\t\t<div class=\"elementor-widget-container\">\n\t\t\t\t\t\t\t\t\t<p><\/p>\n<h1 class=\"wp-block-heading\">\u00d5igusaktid<\/h1>\n<p>\n\n<\/p>\n<ul class=\"wp-block-list\">\n<li style=\"list-style-type: none;\">\n<ul><\/ul>\n<\/li>\n<\/ul>\n<p>&nbsp;<\/p>\n<ul>\n<li style=\"list-style-type: none;\">\n<ul>\n<li>Ehitusseadustik<\/li>\n<\/ul>\n<\/li>\n<\/ul>\n<p>\n\n<\/p>\n<ul>\n<li style=\"list-style-type: none;\">\n<ul>\n<li>Seadme ohutuse seadus<\/li>\n<\/ul>\n<\/li>\n<\/ul>\n<p>\n\n<\/p>\n<ul>\n<li style=\"list-style-type: none;\">\n<ul>\n<li>Elektrituruseadus<\/li>\n<\/ul>\n<\/li>\n<\/ul>\n<p>\n\n<\/p>\n<ul>\n<li style=\"list-style-type: none;\">\n<ul>\n<li>T\u00f6\u00f6tervishoiu ja t\u00f6\u00f6ohutuse seadus<\/li>\n<\/ul>\n<\/li>\n<\/ul>\n<p>\n\n<\/p>\n<ul>\n<li style=\"list-style-type: none;\">\n<ul>\n<li>Tuleohutuse seadus<\/li>\n<\/ul>\n<\/li>\n<\/ul>\n<p>\n\n<\/p>\n<ul>\n<li style=\"list-style-type: none;\">\n<ul>\n<li>Vabariigi Valitsuse m\u00e4\u00e4rus nr. 13\u00a0\nT\u00f6\u00f6vahendi kasutamise t\u00f6\u00f6tervishoiu ja t\u00f6\u00f6ohutuse n\u00f5uded\n<\/li><\/ul>\n<\/li>\n<\/ul>\n<p>\n<\/p>\n<ul>\n<li style=\"list-style-type: none;\">\n<ul>\n<li>Majandus- ja taristuministri m\u00e4\u00e4rus nr. 62 N\u00f5uded ehitusprojekti ekspertiisile<\/li>\n<\/ul>\n<\/li>\n<\/ul>\n<p>\n\n<\/p>\n<ul>\n<li style=\"list-style-type: none;\">\n<ul>\n<li>Majandus- ja taristuministri m\u00e4\u00e4rus nr. 86 Auditi kohustusega elektripaigaldised ning n\u00f5uded elektripaigaldise auditile ja auditi tulemuste esitamisele<\/li>\n<\/ul>\n<\/li>\n<\/ul>\n<p>\n\n<\/p>\n<ul>\n<li style=\"list-style-type: none;\">\n<ul>\n<li>Majandus- ja taristuministri m\u00e4\u00e4rus nr. 97 N\u00f5uded ehitusprojektile<\/li>\n<\/ul>\n<\/li>\n<\/ul>\n<p>\n\n<\/p>\n<ul>\n<li style=\"list-style-type: none;\">\n<ul>\n<li>Majandus- ja taristuministri m\u00e4\u00e4rus nr. 98 Toetuse andmise tingimused ja kord taastuvelektri tootmisseadmete p\u00f5hi- ja jaotusv\u00f5rguga liitumiseks<\/li>\n<\/ul>\n<\/li>\n<\/ul>\n<p>\n\n<\/p>\n<ul>\n<li style=\"list-style-type: none;\">\n<ul>\n<li>Majandus- ja taristuministri m\u00e4\u00e4rus nr. 99 V\u00e4ikeelamute taastuvenergia kasutuselev\u00f5tu ja k\u00fcttes\u00fcsteemide uuendamise toetuse kasutamise tingimused ja kord<\/li>\n<\/ul>\n<\/li>\n<\/ul>\n<p>\n\n<\/p>\n<ul>\n<li style=\"list-style-type: none;\">\n<ul>\n<li>Majandus- ja kommunikatsiooniministri m\u00e4\u00e4rus nr 42 V\u00f5rguteenuste kvaliteedin\u00f5uded ja v\u00f5rgutasude v\u00e4hendamise tingimused kvaliteedin\u00f5uete rikkumise korral<\/li>\n<\/ul>\n<\/li>\n<\/ul>\n<p>\n\n<\/p>\n<ul>\n<li style=\"list-style-type: none;\">\n<ul>\n<li>Siseministri m\u00e4\u00e4rus nr . 17 Ehitisele esitatavad tuleohutusn\u00f5uded\u201e<\/li>\n<\/ul>\n<\/li>\n<\/ul>\n<p><\/p>\n<p>\n\n<\/p>\n<h1 class=\"wp-block-heading\">Standardi ja juhendid<\/h1>\n<p>\n\n<\/p>\n<ul class=\"wp-block-list\">\n<li style=\"list-style-type: none;\">\n<ul><\/ul>\n<\/li>\n<\/ul>\n<p>&nbsp;<\/p>\n<ul>\n<li style=\"list-style-type: none;\">\n<ul>\n<li>EVS 932 Ehitusprojekt<\/li>\n<\/ul>\n<\/li>\n<\/ul>\n<p>\n\n<\/p>\n<ul>\n<li style=\"list-style-type: none;\">\n<ul>\n<li>EVS-EN 50172 Evakuatsiooni h\u00e4davalgustuss\u00fcsteemid<\/li>\n<\/ul>\n<\/li>\n<\/ul>\n<p>\n\n<\/p>\n<ul>\n<li style=\"list-style-type: none;\">\n<ul>\n<li>EVS-EN 50341-1 Elektri\u00f5huliinid vahelduvpingega \u00fcle 1 kV. Osa 1: \u00dcldn\u00f5uded. \u00dchised eeskirjad<\/li>\n<\/ul>\n<\/li>\n<\/ul>\n<p>\n\n<\/p>\n<ul>\n<li style=\"list-style-type: none;\">\n<ul>\n<li>EVS-EN 50341-2-20 Elektri\u00f5huliinid vahelduvpingega \u00fcle 1 kV. Osa 2-20: Eesti siseriiklikud erin\u00f5uded (SEN)<\/li>\n<\/ul>\n<\/li>\n<\/ul>\n<p>\n\n<\/p>\n<ul>\n<li style=\"list-style-type: none;\">\n<ul>\n<li>EVS-EN 50522 \u00dcle 1 kV nimivahelduvpingega tugevvoolupaigaldiste maandamine<\/li>\n<\/ul>\n<\/li>\n<\/ul>\n<p>\n\n<\/p>\n<ul>\n<li style=\"list-style-type: none;\">\n<ul>\n<li>EVS-EN 60076-1 J\u00f5utrafod. Osa 1: \u00dcldist<\/li>\n<\/ul>\n<\/li>\n<\/ul>\n<p>\n\n<\/p>\n<ul>\n<li style=\"list-style-type: none;\">\n<ul>\n<li>EVS-EN IEC 61936-1 Tugevvoolupaigaldised nimivahelduvpingega \u00fcle 1 kV ja alalispingega \u00fcle 1,5 kV. Osa 1: Vahelduvpinge<\/li>\n<\/ul>\n<\/li>\n<\/ul>\n<p>\n\n<\/p>\n<ul>\n<li style=\"list-style-type: none;\">\n<ul>\n<li>EVS-EN 62271-1 K\u00f5rgepingeline l\u00fclitus- ja juhtimisaparatuur. Osa 1: Vahelduvvoolu l\u00fclitus- ja juhtimisaparatuuri \u00fcldliigitus<\/li>\n<\/ul>\n<\/li>\n<\/ul>\n<p>\n\n<\/p>\n<ul>\n<li style=\"list-style-type: none;\">\n<ul>\n<li>EVS-HD 60364-1 Madalpingelised elektripaigaldised. Osa 1: P\u00f5hialused, \u00fcldiseloomustus, m\u00e4\u00e4ratlused<\/li>\n<\/ul>\n<\/li>\n<\/ul>\n<p>\n\n<\/p>\n<ul>\n<li style=\"list-style-type: none;\">\n<ul>\n<li>EVS-HD 60364-4-41 Madalpingelised elektripaigaldised. Osa 4-41: Kaitseviisid. Kaitse elektril\u00f6\u00f6gi eest<\/li>\n<\/ul>\n<\/li>\n<\/ul>\n<p>\n\n<\/p>\n<ul>\n<li style=\"list-style-type: none;\">\n<ul>\n<li>EVS-HD 60364-4-42 Madalpingelised elektripaigaldised. Osa 4-42: Kaitseviisid. Kaitse kuumustoime eest<\/li>\n<\/ul>\n<\/li>\n<\/ul>\n<p>\n\n<\/p>\n<ul>\n<li style=\"list-style-type: none;\">\n<ul>\n<li>EVS-HD 60364-4-43 Madalpingelised elektripaigaldised. Osa 4-43: Kaitseviisid. Liigvoolukaitse<\/li>\n<\/ul>\n<\/li>\n<\/ul>\n<p>\n\n<\/p>\n<ul>\n<li style=\"list-style-type: none;\">\n<ul>\n<li>EVS-HD 60364-4-46 Madalpingelised elektripaigaldised. Osa 4-46: Kaitseviisid. Turvalahutamine ja l\u00fclitamine<\/li>\n<\/ul>\n<\/li>\n<\/ul>\n<p>\n\n<\/p>\n<ul>\n<li style=\"list-style-type: none;\">\n<ul>\n<li>EVS-HD 60364-4-444 Madalpingelised elektripaigaldised. Osa 4-444: Kaitseviisid. Kaitse pingeh\u00e4iringute ja elektromagnetiliste h\u00e4iringute eest<\/li>\n<\/ul>\n<\/li>\n<\/ul>\n<p>\n\n<\/p>\n<ul>\n<li style=\"list-style-type: none;\">\n<ul>\n<li>EVS-HD 60364-5-52 Madalpingelised elektripaigaldised. Osa 5-52: Elektriseadmete valik ja paigaldamine. Juhistikud<\/li>\n<\/ul>\n<\/li>\n<\/ul>\n<p>\n\n<\/p>\n<ul>\n<li style=\"list-style-type: none;\">\n<ul>\n<li>EVS-HD 60364-5-54 Madalpingelised elektripaigaldised. Osa 5-54: Elektriseadmete valik ja paigaldamine. Maandamine ja kaitsejuhid<\/li>\n<\/ul>\n<\/li>\n<\/ul>\n<p>\n\n<\/p>\n<ul>\n<li style=\"list-style-type: none;\">\n<ul>\n<li>EVS-HD 60364-6 Madalpingelised elektripaigaldised. Osa 6: Kontrollitoimingud<\/li>\n<\/ul>\n<\/li>\n<\/ul>\n<p>\n\n<\/p>\n<ul>\n<li style=\"list-style-type: none;\">\n<ul>\n<li>EVS-HD 60364-7-701 Madalpingelised elektripaigaldised. Osa 7-701: N\u00f5uded eripaigaldistele ja -paikadele. Vanne v\u00f5i du\u0161\u0161e sisaldavad paigad<\/li>\n<\/ul>\n<\/li>\n<\/ul>\n<p>\n\n<\/p>\n<ul>\n<li style=\"list-style-type: none;\">\n<ul>\n<li>EVS-HD 60364-7-729 Madalpingelised elektripaigaldised. Osa 7-729: N\u00f5uded eripaigaldistele ja -paikadele. Teenindus- ja hooldusk\u00e4igud<\/li>\n<\/ul>\n<\/li>\n<\/ul>\n<p>\n\n<\/p>\n<ul>\n<li style=\"list-style-type: none;\">\n<ul>\n<li>EVS-HD 60364-7-712 Madalpingelised elektripaigaldised. Osa 7-712: N\u00f5uded eripaigaldistele ja -paikadele. Fotoelektrilised s\u00fcsteemid<\/li>\n<\/ul>\n<\/li>\n<\/ul>\n<p>\n\n<\/p>\n<ul>\n<li style=\"list-style-type: none;\">\n<ul>\n<li>Elektripaigaldise auditi juhendmaterjal TTJA<\/li>\n<\/ul>\n<\/li>\n<\/ul>\n<p><\/p>\n<p>\n\n<\/p>\n<p><\/p>\t\t\t\t\t\t\t\t<\/div>\n\t\t\t\t<\/div>\n\t\t\t\t\t<\/div>\n\t\t<\/div>\n\t\t\t\t\t<\/div>\n\t\t<\/section>\n\t\t\t\t<\/div>\n\t\t","protected":false},"excerpt":{"rendered":"<p>Valitavate kompetentsidega elektriinseneride kutse saamise ning taast\u00f5endamise \u00fcheks n\u00f5udeks on normdokumentide tundmise eksami edukas sooritamine.&nbsp; Normdokumentide tundmise eksamil on 20 valikvastustega k\u00fcsimust, eksami edukaks sooritamiseks peab olema v\u00e4hemalt 2\/3 \u00f5igeid vastuseid.&nbsp;Eksami k\u00fcsimused on komplekteeritud vastavalt spetsialiseerumisele ja s\u00f5ltuvalt valitud t\u00f6\u00f6osast v\u00f5ib eksam koosneda mitmest osast, kus&nbsp; eksami edukaks sooritamiseks tuleb iga osa eest saada v\u00e4hemalt [&hellip;]<\/p>\n","protected":false},"author":2,"featured_media":0,"parent":0,"menu_order":0,"comment_status":"closed","ping_status":"closed","template":"","meta":{"ocean_post_layout":"","ocean_both_sidebars_style":"","ocean_both_sidebars_content_width":0,"ocean_both_sidebars_sidebars_width":0,"ocean_sidebar":"","ocean_second_sidebar":"","ocean_disable_margins":"enable","ocean_add_body_class":"","ocean_shortcode_before_top_bar":"","ocean_shortcode_after_top_bar":"","ocean_shortcode_before_header":"","ocean_shortcode_after_header":"","ocean_has_shortcode":"","ocean_shortcode_after_title":"","ocean_shortcode_before_footer_widgets":"","ocean_shortcode_after_footer_widgets":"","ocean_shortcode_before_footer_bottom":"","ocean_shortcode_after_footer_bottom":"","ocean_display_top_bar":"default","ocean_display_header":"default","ocean_header_style":"","ocean_center_header_left_menu":"","ocean_custom_header_template":"","ocean_custom_logo":0,"ocean_custom_retina_logo":0,"ocean_custom_logo_max_width":0,"ocean_custom_logo_tablet_max_width":0,"ocean_custom_logo_mobile_max_width":0,"ocean_custom_logo_max_height":0,"ocean_custom_logo_tablet_max_height":0,"ocean_custom_logo_mobile_max_height":0,"ocean_header_custom_menu":"","ocean_menu_typo_font_family":"","ocean_menu_typo_font_subset":"","ocean_menu_typo_font_size":0,"ocean_menu_typo_font_size_tablet":0,"ocean_menu_typo_font_size_mobile":0,"ocean_menu_typo_font_size_unit":"px","ocean_menu_typo_font_weight":"","ocean_menu_typo_font_weight_tablet":"","ocean_menu_typo_font_weight_mobile":"","ocean_menu_typo_transform":"","ocean_menu_typo_transform_tablet":"","ocean_menu_typo_transform_mobile":"","ocean_menu_typo_line_height":0,"ocean_menu_typo_line_height_tablet":0,"ocean_menu_typo_line_height_mobile":0,"ocean_menu_typo_line_height_unit":"","ocean_menu_typo_spacing":0,"ocean_menu_typo_spacing_tablet":0,"ocean_menu_typo_spacing_mobile":0,"ocean_menu_typo_spacing_unit":"","ocean_menu_link_color":"","ocean_menu_link_color_hover":"","ocean_menu_link_color_active":"","ocean_menu_link_background":"","ocean_menu_link_hover_background":"","ocean_menu_link_active_background":"","ocean_menu_social_links_bg":"","ocean_menu_social_hover_links_bg":"","ocean_menu_social_links_color":"","ocean_menu_social_hover_links_color":"","ocean_disable_title":"default","ocean_disable_heading":"default","ocean_post_title":"","ocean_post_subheading":"","ocean_post_title_style":"","ocean_post_title_background_color":"","ocean_post_title_background":0,"ocean_post_title_bg_image_position":"","ocean_post_title_bg_image_attachment":"","ocean_post_title_bg_image_repeat":"","ocean_post_title_bg_image_size":"","ocean_post_title_height":0,"ocean_post_title_bg_overlay":0.5,"ocean_post_title_bg_overlay_color":"","ocean_disable_breadcrumbs":"default","ocean_breadcrumbs_color":"","ocean_breadcrumbs_separator_color":"","ocean_breadcrumbs_links_color":"","ocean_breadcrumbs_links_hover_color":"","ocean_display_footer_widgets":"default","ocean_display_footer_bottom":"default","ocean_custom_footer_template":"","footnotes":""},"class_list":["post-2127","page","type-page","status-publish","hentry","entry"],"_links":{"self":[{"href":"https:\/\/eees.ee\/eees\/wp-json\/wp\/v2\/pages\/2127","targetHints":{"allow":["GET"]}}],"collection":[{"href":"https:\/\/eees.ee\/eees\/wp-json\/wp\/v2\/pages"}],"about":[{"href":"https:\/\/eees.ee\/eees\/wp-json\/wp\/v2\/types\/page"}],"author":[{"embeddable":true,"href":"https:\/\/eees.ee\/eees\/wp-json\/wp\/v2\/users\/2"}],"replies":[{"embeddable":true,"href":"https:\/\/eees.ee\/eees\/wp-json\/wp\/v2\/comments?post=2127"}],"version-history":[{"count":13,"href":"https:\/\/eees.ee\/eees\/wp-json\/wp\/v2\/pages\/2127\/revisions"}],"predecessor-version":[{"id":2290,"href":"https:\/\/eees.ee\/eees\/wp-json\/wp\/v2\/pages\/2127\/revisions\/2290"}],"wp:attachment":[{"href":"https:\/\/eees.ee\/eees\/wp-json\/wp\/v2\/media?parent=2127"}],"curies":[{"name":"wp","href":"https:\/\/api.w.org\/{rel}","templated":true}]}}